{"id":889,"date":"2026-01-09T13:39:27","date_gmt":"2026-01-09T13:39:27","guid":{"rendered":"https:\/\/nvs-net.com\/?page_id=889"},"modified":"2026-01-14T17:16:22","modified_gmt":"2026-01-14T17:16:22","slug":"nos-formations","status":"publish","type":"page","link":"https:\/\/nvs-net.com\/index.php\/nos-formations\/","title":{"rendered":"Nos formations"},"content":{"rendered":"\t\t<div data-elementor-type=\"wp-page\" data-elementor-id=\"889\" class=\"elementor elementor-889\" data-elementor-post-type=\"page\">\n\t\t\t\t<div class=\"elementor-element elementor-element-ea4be95 e-flex e-con-boxed e-con e-parent\" data-id=\"ea4be95\" data-element_type=\"container\" data-settings=\"{&quot;background_background&quot;:&quot;classic&quot;}\">\n\t\t\t\t\t<div class=\"e-con-inner\">\n\t\t<div class=\"elementor-element elementor-element-3b62b8ad e-con-full e-flex e-con e-child\" data-id=\"3b62b8ad\" data-element_type=\"container\">\n\t\t<div class=\"elementor-element elementor-element-496e1189 e-con-full animated-fast e-flex elementor-invisible e-con e-child\" data-id=\"496e1189\" data-element_type=\"container\" data-settings=\"{&quot;animation&quot;:&quot;fadeInLeft&quot;}\">\n\t\t\t\t<div class=\"elementor-element elementor-element-1d915e22 elementor-widget elementor-widget-heading\" data-id=\"1d915e22\" data-element_type=\"widget\" data-widget_type=\"heading.default\">\n\t\t\t\t\t<h1 class=\"elementor-heading-title elementor-size-default\">Pas de panique, \nnous serons didactiques<\/h1>\t\t\t\t<\/div>\n\t\t\t\t<div class=\"elementor-element elementor-element-5b78ace4 elementor-widget elementor-widget-heading\" data-id=\"5b78ace4\" data-element_type=\"widget\" data-widget_type=\"heading.default\">\n\t\t\t\t\t<h4 class=\"elementor-heading-title elementor-size-default\">Lorem ipsum dolor sit amet. Est modi quia ut rerum rerum est distinctio  voluptas aut quidem culpa ut explicabo perspiciatis...<\/h4>\t\t\t\t<\/div>\n\t\t\t\t<\/div>\n\t\t<div class=\"elementor-element elementor-element-719285b2 e-con-full animated-fast e-flex elementor-invisible e-con e-child\" data-id=\"719285b2\" data-element_type=\"container\" data-settings=\"{&quot;animation&quot;:&quot;fadeInRight&quot;}\">\n\t\t\t\t<div class=\"elementor-element elementor-element-4f4c8803 elementor-widget elementor-widget-image\" data-id=\"4f4c8803\" data-element_type=\"widget\" data-widget_type=\"image.default\">\n\t\t\t\t\t\t\t\t\t\t\t\t\t\t\t<img fetchpriority=\"high\" decoding=\"async\" width=\"800\" height=\"396\" src=\"https:\/\/nvs-net.com\/wp-content\/uploads\/2026\/01\/formations.png\" class=\"attachment-large size-large wp-image-893\" alt=\"\" srcset=\"https:\/\/nvs-net.com\/wp-content\/uploads\/2026\/01\/formations.png 979w, https:\/\/nvs-net.com\/wp-content\/uploads\/2026\/01\/formations-300x149.png 300w, https:\/\/nvs-net.com\/wp-content\/uploads\/2026\/01\/formations-768x380.png 768w\" sizes=\"(max-width: 800px) 100vw, 800px\" \/>\t\t\t\t\t\t\t\t\t\t\t\t\t\t\t<\/div>\n\t\t\t\t<\/div>\n\t\t\t\t<\/div>\n\t\t\t\t\t<\/div>\n\t\t\t\t<\/div>\n\t\t<div class=\"elementor-element elementor-element-122c542d e-flex e-con-boxed e-con e-parent\" data-id=\"122c542d\" data-element_type=\"container\">\n\t\t\t\t\t<div class=\"e-con-inner\">\n\t\t\t\t<div class=\"elementor-element elementor-element-1f35da31 animated-fast elementor-hidden-mobile elementor-widget-divider--view-line elementor-invisible elementor-widget elementor-widget-divider\" data-id=\"1f35da31\" data-element_type=\"widget\" data-settings=\"{&quot;_animation&quot;:&quot;fadeInLeft&quot;,&quot;_animation_delay&quot;:200}\" data-widget_type=\"divider.default\">\n\t\t\t\t\t\t\t<div class=\"elementor-divider\">\n\t\t\t<span class=\"elementor-divider-separator\">\n\t\t\t\t\t\t<\/span>\n\t\t<\/div>\n\t\t\t\t\t\t<\/div>\n\t\t\t\t<div class=\"elementor-element elementor-element-21b6545a elementor-widget-mobile__width-inherit elementor-widget elementor-widget-heading\" data-id=\"21b6545a\" data-element_type=\"widget\" data-widget_type=\"heading.default\">\n\t\t\t\t\t<h1 class=\"elementor-heading-title elementor-size-default\">Nos formations<\/h1>\t\t\t\t<\/div>\n\t\t\t\t<div class=\"elementor-element elementor-element-3a9bd2c6 elementor-hidden-mobile animated-fast elementor-widget-divider--view-line elementor-invisible elementor-widget elementor-widget-divider\" data-id=\"3a9bd2c6\" data-element_type=\"widget\" data-settings=\"{&quot;_animation&quot;:&quot;fadeInRight&quot;,&quot;_animation_delay&quot;:200}\" data-widget_type=\"divider.default\">\n\t\t\t\t\t\t\t<div class=\"elementor-divider\">\n\t\t\t<span class=\"elementor-divider-separator\">\n\t\t\t\t\t\t<\/span>\n\t\t<\/div>\n\t\t\t\t\t\t<\/div>\n\t\t\t\t\t<\/div>\n\t\t\t\t<\/div>\n\t\t<div class=\"elementor-element elementor-element-4995141 e-flex e-con-boxed e-con e-parent\" data-id=\"4995141\" data-element_type=\"container\">\n\t\t\t\t\t<div class=\"e-con-inner\">\n\t\t\t\t<div class=\"elementor-element elementor-element-c214716 elementor-grid-2 elementor-grid-tablet-2 elementor-grid-mobile-1 elementor-widget elementor-widget-loop-grid\" data-id=\"c214716\" data-element_type=\"widget\" data-settings=\"{&quot;template_id&quot;:&quot;903&quot;,&quot;columns&quot;:2,&quot;_skin&quot;:&quot;post&quot;,&quot;columns_tablet&quot;:&quot;2&quot;,&quot;columns_mobile&quot;:&quot;1&quot;,&quot;edit_handle_selector&quot;:&quot;[data-elementor-type=\\&quot;loop-item\\&quot;]&quot;,&quot;row_gap&quot;:{&quot;unit&quot;:&quot;px&quot;,&quot;size&quot;:&quot;&quot;,&quot;sizes&quot;:[]},&quot;row_gap_tablet&quot;:{&quot;unit&quot;:&quot;px&quot;,&quot;size&quot;:&quot;&quot;,&quot;sizes&quot;:[]},&quot;row_gap_mobile&quot;:{&quot;unit&quot;:&quot;px&quot;,&quot;size&quot;:&quot;&quot;,&quot;sizes&quot;:[]}}\" data-widget_type=\"loop-grid.post\">\n\t\t\t\t<div class=\"elementor-widget-container\">\n\t\t\t\t\t\t\t<div class=\"elementor-loop-container elementor-grid\" role=\"list\">\n\t\t<style id=\"loop-903\">.elementor-903 .elementor-element.elementor-element-990c444{--display:flex;--flex-direction:row;--container-widget-width:calc( ( 1 - var( --container-widget-flex-grow ) ) * 100% );--container-widget-height:100%;--container-widget-flex-grow:1;--container-widget-align-self:stretch;--flex-wrap-mobile:wrap;--justify-content:center;--align-items:center;--border-radius:8px 8px 8px 8px;box-shadow:4px 4px 10px 0px rgba(0, 0, 0, 0.17);}.elementor-903 .elementor-element.elementor-element-8e58b24{--display:flex;}.elementor-widget-image .widget-image-caption{color:var( --e-global-color-text );font-family:var( --e-global-typography-text-font-family ), Sans-serif;font-size:var( --e-global-typography-text-font-size );font-weight:var( --e-global-typography-text-font-weight );}.elementor-903 .elementor-element.elementor-element-21c862e{width:100%;max-width:100%;}.elementor-903 .elementor-element.elementor-element-995fd32{--display:flex;--flex-direction:column;--container-widget-width:calc( ( 1 - var( --container-widget-flex-grow ) ) * 100% );--container-widget-height:initial;--container-widget-flex-grow:0;--container-widget-align-self:initial;--flex-wrap-mobile:wrap;--justify-content:center;--align-items:center;}.elementor-widget-heading .elementor-heading-title{font-family:var( --e-global-typography-primary-font-family ), Sans-serif;font-weight:var( --e-global-typography-primary-font-weight );color:var( --e-global-color-primary );}.elementor-903 .elementor-element.elementor-element-a8685d9{text-align:center;}.elementor-903 .elementor-element.elementor-element-a8685d9 .elementor-heading-title{font-family:var( --e-global-typography-67ed4a3-font-family ), Sans-serif;font-weight:var( --e-global-typography-67ed4a3-font-weight );line-height:var( --e-global-typography-67ed4a3-line-height );color:var( --e-global-color-secondary );}.elementor-widget-theme-post-excerpt{font-family:var( --e-global-typography-text-font-family ), Sans-serif;font-size:var( --e-global-typography-text-font-size );font-weight:var( --e-global-typography-text-font-weight );color:var( --e-global-color-text );}.elementor-903 .elementor-element.elementor-element-d9e19bb{text-align:center;font-family:var( --e-global-typography-0cc4a7e-font-family ), Sans-serif;font-size:var( --e-global-typography-0cc4a7e-font-size );font-weight:var( --e-global-typography-0cc4a7e-font-weight );}.elementor-widget-button .elementor-button{background-color:var( --e-global-color-accent );font-family:var( --e-global-typography-accent-font-family ), Sans-serif;font-weight:var( --e-global-typography-accent-font-weight );}.elementor-903 .elementor-element.elementor-element-e53d43c .elementor-button{background-color:var( --e-global-color-primary );fill:var( --e-global-color-a691474 );color:var( --e-global-color-a691474 );}.elementor-903 .elementor-element.elementor-element-e53d43c .elementor-button-content-wrapper{flex-direction:row-reverse;}.elementor-903 .elementor-element.elementor-element-e53d43c .elementor-button .elementor-button-content-wrapper{gap:15px;}@media(min-width:768px){.elementor-903 .elementor-element.elementor-element-8e58b24{--width:45%;}}@media(max-width:1024px){.elementor-widget-image .widget-image-caption{font-size:var( --e-global-typography-text-font-size );}.elementor-903 .elementor-element.elementor-element-a8685d9 .elementor-heading-title{line-height:var( --e-global-typography-67ed4a3-line-height );}.elementor-widget-theme-post-excerpt{font-size:var( --e-global-typography-text-font-size );}.elementor-903 .elementor-element.elementor-element-d9e19bb{font-size:var( --e-global-typography-0cc4a7e-font-size );}}@media(max-width:767px){.elementor-widget-image .widget-image-caption{font-size:var( --e-global-typography-text-font-size );}.elementor-903 .elementor-element.elementor-element-a8685d9 .elementor-heading-title{line-height:var( --e-global-typography-67ed4a3-line-height );}.elementor-widget-theme-post-excerpt{font-size:var( --e-global-typography-text-font-size );}.elementor-903 .elementor-element.elementor-element-d9e19bb{font-size:var( --e-global-typography-0cc4a7e-font-size );}}<\/style>\t\t<div data-elementor-type=\"loop-item\" data-elementor-id=\"903\" class=\"elementor elementor-903 e-loop-item e-loop-item-905 post-905 post type-post status-publish format-standard hentry category-formations\" data-elementor-post-type=\"elementor_library\" data-custom-edit-handle=\"1\">\n\t\t\t<div class=\"elementor-element elementor-element-990c444 e-flex e-con-boxed e-con e-parent\" data-id=\"990c444\" data-element_type=\"container\">\n\t\t\t\t\t<div class=\"e-con-inner\">\n\t\t<div class=\"elementor-element elementor-element-8e58b24 e-con-full e-flex e-con e-child\" data-id=\"8e58b24\" data-element_type=\"container\">\n\t\t\t\t<div class=\"elementor-element elementor-element-21c862e elementor-widget__width-inherit elementor-widget elementor-widget-image\" data-id=\"21c862e\" data-element_type=\"widget\" data-widget_type=\"image.default\">\n\t\t\t\t\t\t\t\t\t\t\t\t\t\t\t<img decoding=\"async\" width=\"299\" height=\"307\" src=\"https:\/\/nvs-net.com\/wp-content\/uploads\/2026\/01\/tache_bicolor.png\" class=\"attachment-large size-large wp-image-907\" alt=\"\" srcset=\"https:\/\/nvs-net.com\/wp-content\/uploads\/2026\/01\/tache_bicolor.png 299w, https:\/\/nvs-net.com\/wp-content\/uploads\/2026\/01\/tache_bicolor-292x300.png 292w\" sizes=\"(max-width: 299px) 100vw, 299px\" \/>\t\t\t\t\t\t\t\t\t\t\t\t\t\t\t<\/div>\n\t\t\t\t<\/div>\n\t\t<div class=\"elementor-element elementor-element-995fd32 e-con-full e-flex e-con e-child\" data-id=\"995fd32\" data-element_type=\"container\">\n\t\t\t\t<div class=\"elementor-element elementor-element-a8685d9 elementor-widget elementor-widget-heading\" data-id=\"a8685d9\" data-element_type=\"widget\" data-widget_type=\"heading.default\">\n\t\t\t\t\t<h3 class=\"elementor-heading-title elementor-size-default\">Module Ventes<\/h3>\t\t\t\t<\/div>\n\t\t\t\t<div class=\"elementor-element elementor-element-d9e19bb elementor-widget elementor-widget-theme-post-excerpt\" data-id=\"d9e19bb\" data-element_type=\"widget\" data-widget_type=\"theme-post-excerpt.default\">\n\t\t\t\t\tFinis les tableaux Excel ! Nous vous apprendrons \u00e0 calculer et comptabiliser vos factures rapidement et simplement.\t\t\t\t<\/div>\n\t\t\t\t<div class=\"elementor-element elementor-element-e53d43c elementor-widget elementor-widget-button\" data-id=\"e53d43c\" data-element_type=\"widget\" data-widget_type=\"button.default\">\n\t\t\t\t\t\t\t\t\t\t<a class=\"elementor-button elementor-button-link elementor-size-sm\" href=\"https:\/\/nvs-net.com\/index.php\/2026\/01\/09\/module-ventes\/\" rel=\"nofollow\">\n\t\t\t\t\t\t<span class=\"elementor-button-content-wrapper\">\n\t\t\t\t\t\t<span class=\"elementor-button-icon\">\n\t\t\t\t<svg aria-hidden=\"true\" class=\"e-font-icon-svg e-far-caret-square-right\" viewBox=\"0 0 448 512\" xmlns=\"http:\/\/www.w3.org\/2000\/svg\"><path d=\"M176 354.9V157.1c0-10.7 13-16.1 20.5-8.5l98.3 98.9c4.7 4.7 4.7 12.2 0 16.9l-98.3 98.9c-7.5 7.7-20.5 2.3-20.5-8.4zM448 80v352c0 26.5-21.5 48-48 48H48c-26.5 0-48-21.5-48-48V80c0-26.5 21.5-48 48-48h352c26.5 0 48 21.5 48 48zm-48 346V86c0-3.3-2.7-6-6-6H54c-3.3 0-6 2.7-6 6v340c0 3.3 2.7 6 6 6h340c3.3 0 6-2.7 6-6z\"><\/path><\/svg>\t\t\t<\/span>\n\t\t\t\t\t\t\t\t\t<span class=\"elementor-button-text\">Consultez<\/span>\n\t\t\t\t\t<\/span>\n\t\t\t\t\t<\/a>\n\t\t\t\t\t\t\t\t<\/div>\n\t\t\t\t<\/div>\n\t\t\t\t\t<\/div>\n\t\t\t\t<\/div>\n\t\t\t\t<\/div>\n\t\t\t\t<div data-elementor-type=\"loop-item\" data-elementor-id=\"903\" class=\"elementor elementor-903 e-loop-item e-loop-item-921 post-921 post type-post status-publish format-standard hentry category-formations\" data-elementor-post-type=\"elementor_library\" data-custom-edit-handle=\"1\">\n\t\t\t<div class=\"elementor-element elementor-element-990c444 e-flex e-con-boxed e-con e-parent\" data-id=\"990c444\" data-element_type=\"container\">\n\t\t\t\t\t<div class=\"e-con-inner\">\n\t\t<div class=\"elementor-element elementor-element-8e58b24 e-con-full e-flex e-con e-child\" data-id=\"8e58b24\" data-element_type=\"container\">\n\t\t\t\t<div class=\"elementor-element elementor-element-21c862e elementor-widget__width-inherit elementor-widget elementor-widget-image\" data-id=\"21c862e\" data-element_type=\"widget\" data-widget_type=\"image.default\">\n\t\t\t\t\t\t\t\t\t\t\t\t\t\t\t<img decoding=\"async\" width=\"299\" height=\"307\" src=\"https:\/\/nvs-net.com\/wp-content\/uploads\/2026\/01\/tache_bicolor.png\" class=\"attachment-large size-large wp-image-907\" alt=\"\" srcset=\"https:\/\/nvs-net.com\/wp-content\/uploads\/2026\/01\/tache_bicolor.png 299w, https:\/\/nvs-net.com\/wp-content\/uploads\/2026\/01\/tache_bicolor-292x300.png 292w\" sizes=\"(max-width: 299px) 100vw, 299px\" \/>\t\t\t\t\t\t\t\t\t\t\t\t\t\t\t<\/div>\n\t\t\t\t<\/div>\n\t\t<div class=\"elementor-element elementor-element-995fd32 e-con-full e-flex e-con e-child\" data-id=\"995fd32\" data-element_type=\"container\">\n\t\t\t\t<div class=\"elementor-element elementor-element-a8685d9 elementor-widget elementor-widget-heading\" data-id=\"a8685d9\" data-element_type=\"widget\" data-widget_type=\"heading.default\">\n\t\t\t\t\t<h3 class=\"elementor-heading-title elementor-size-default\">Module RH<\/h3>\t\t\t\t<\/div>\n\t\t\t\t<div class=\"elementor-element elementor-element-d9e19bb elementor-widget elementor-widget-theme-post-excerpt\" data-id=\"d9e19bb\" data-element_type=\"widget\" data-widget_type=\"theme-post-excerpt.default\">\n\t\t\t\t\tNous vous apprendrons \u00e0 g\u00e9rer +1000 paies en peu d'actions ainsi qu'\u00e0 envoyer vos DSN.\t\t\t\t<\/div>\n\t\t\t\t<div class=\"elementor-element elementor-element-e53d43c elementor-widget elementor-widget-button\" data-id=\"e53d43c\" data-element_type=\"widget\" data-widget_type=\"button.default\">\n\t\t\t\t\t\t\t\t\t\t<a class=\"elementor-button elementor-button-link elementor-size-sm\" href=\"https:\/\/nvs-net.com\/index.php\/2026\/01\/09\/module-rh\/\" rel=\"nofollow\">\n\t\t\t\t\t\t<span class=\"elementor-button-content-wrapper\">\n\t\t\t\t\t\t<span class=\"elementor-button-icon\">\n\t\t\t\t<svg aria-hidden=\"true\" class=\"e-font-icon-svg e-far-caret-square-right\" viewBox=\"0 0 448 512\" xmlns=\"http:\/\/www.w3.org\/2000\/svg\"><path d=\"M176 354.9V157.1c0-10.7 13-16.1 20.5-8.5l98.3 98.9c4.7 4.7 4.7 12.2 0 16.9l-98.3 98.9c-7.5 7.7-20.5 2.3-20.5-8.4zM448 80v352c0 26.5-21.5 48-48 48H48c-26.5 0-48-21.5-48-48V80c0-26.5 21.5-48 48-48h352c26.5 0 48 21.5 48 48zm-48 346V86c0-3.3-2.7-6-6-6H54c-3.3 0-6 2.7-6 6v340c0 3.3 2.7 6 6 6h340c3.3 0 6-2.7 6-6z\"><\/path><\/svg>\t\t\t<\/span>\n\t\t\t\t\t\t\t\t\t<span class=\"elementor-button-text\">Consultez<\/span>\n\t\t\t\t\t<\/span>\n\t\t\t\t\t<\/a>\n\t\t\t\t\t\t\t\t<\/div>\n\t\t\t\t<\/div>\n\t\t\t\t\t<\/div>\n\t\t\t\t<\/div>\n\t\t\t\t<\/div>\n\t\t\t\t<\/div>\n\t\t\n\t\t\t\t\t\t<\/div>\n\t\t\t\t<\/div>\n\t\t\t\t\t<\/div>\n\t\t\t\t<\/div>\n\t\t\t\t<\/div>\n\t\t","protected":false},"excerpt":{"rendered":"<p>Pas de panique, nous serons didactiques Lorem ipsum dolor sit amet. Est modi quia ut rerum rerum est distinctio voluptas aut quidem culpa ut explicabo perspiciatis&#8230; Nos formations<\/p>\n","protected":false},"author":1,"featured_media":0,"parent":0,"menu_order":0,"comment_status":"closed","ping_status":"closed","template":"","meta":{"footnotes":""},"class_list":["post-889","page","type-page","status-publish","hentry"],"_links":{"self":[{"href":"https:\/\/nvs-net.com\/index.php\/wp-json\/wp\/v2\/pages\/889","targetHints":{"allow":["GET"]}}],"collection":[{"href":"https:\/\/nvs-net.com\/index.php\/wp-json\/wp\/v2\/pages"}],"about":[{"href":"https:\/\/nvs-net.com\/index.php\/wp-json\/wp\/v2\/types\/page"}],"author":[{"embeddable":true,"href":"https:\/\/nvs-net.com\/index.php\/wp-json\/wp\/v2\/users\/1"}],"replies":[{"embeddable":true,"href":"https:\/\/nvs-net.com\/index.php\/wp-json\/wp\/v2\/comments?post=889"}],"version-history":[{"count":148,"href":"https:\/\/nvs-net.com\/index.php\/wp-json\/wp\/v2\/pages\/889\/revisions"}],"predecessor-version":[{"id":1263,"href":"https:\/\/nvs-net.com\/index.php\/wp-json\/wp\/v2\/pages\/889\/revisions\/1263"}],"wp:attachment":[{"href":"https:\/\/nvs-net.com\/index.php\/wp-json\/wp\/v2\/media?parent=889"}],"curies":[{"name":"wp","href":"https:\/\/api.w.org\/{rel}","templated":true}]}}